{"id":5939,"date":"2012-08-29T12:32:11","date_gmt":"2012-08-29T10:32:11","guid":{"rendered":"http:\/\/wordpress.wordpresstest.s15301648.onlinehome-server.info\/?page_id=5939"},"modified":"2019-10-18T10:27:23","modified_gmt":"2019-10-18T08:27:23","slug":"wohnheim","status":"publish","type":"page","link":"http:\/\/www.pflegewege.at\/wp\/herzlich-willkommen\/wohnheim\/","title":{"rendered":"Wohnheim"},"content":{"rendered":"<div class=\"one_half\"> <script type=\"text\/javascript\">var lsjQuery = jQuery;<\/script><script type=\"text\/javascript\">\r\nlsjQuery(document).ready(function() {\n                if(typeof lsjQuery.fn.layerSlider == \"undefined\") { lsShowNotice('layerslider_8','jquery'); }\n                    else if(typeof lsjQuery.transit == \"undefined\" || typeof lsjQuery.transit.modifiedForLayerSlider == \"undefined\") { lsShowNotice('layerslider_8', 'transit'); }\n                        else {\n                            lsjQuery(\"#layerslider_8\").layerSlider({\n                                width : '1002px',\n                                height : '720px',\n                                responsive : true,\n                                responsiveUnder : 0,\n                                sublayerContainer : 0,\n                                autoStart : true,\n                                pauseOnHover : true,\n                                firstLayer : 1,\n                                animateFirstLayer : true,\n                                randomSlideshow : false,\n                                twoWaySlideshow : true,\n                                loops : 0,\n                                forceLoopNum : true,\n                                autoPlayVideos : true,\n                                autoPauseSlideshow : 'auto',\n                                youtubePreview : 'maxresdefault.jpg',\n                                keybNav : true,\n                                touchNav : true,\n                                skin : 'glass',\n                                skinsPath : 'http:\/\/www.pflegewege.at\/wp\/wp-content\/plugins\/LayerSlider\/skins\/',\r\nglobalBGColor : 'transparent',\r\nnavPrevNext : true,\n                                navStartStop : true,\n                                navButtons : true,\n                                hoverPrevNext : true,\n                                hoverBottomNav : false,\n                                showBarTimer : false,\n                                showCircleTimer : true,\n                                thumbnailNavigation : 'hover',\n                                tnWidth : 100,\n                                tnHeight : 60,\n                                tnContainerWidth : '60%',\n                                tnActiveOpacity : 35,\n                                tnInactiveOpacity : 100,\n                                imgPreload : true,\n                        \t\tyourLogo : false,\n                                yourLogoStyle : 'left: 10px; top: 10px;',\n                                yourLogoLink : false,\n                                yourLogoTarget : '_self',\n                                cbInit : function(element) { },\n                                cbStart : function(data) { },\n                                cbStop : function(data) { },\n                                cbPause : function(data) { },\n                                cbAnimStart : function(data) { },\n                                cbAnimStop : function(data) { },\n                                cbPrev : function(data) { },\n                                cbNext : function(data) { }\n                            });\n                        }\n            });\n        <\/script><div id=\"layerslider_8\" class=\"ls-wp-container\" style=\"width: 1002px; height: 720px; margin: 0px auto; \"><div class=\"ls-layer\"  style=\"slidedirection: right; slidedelay: 4000; durationin: 1500; durationout: 1500; easingin: easeInOutQuint; easingout: easeInOutQuint; delayin: 0; delayout: 0; timeshift: 0; transition2d: 84; \"><img src=\"http:\/\/www.pflegewege.at\/wp\/wp-content\/uploads\/Zimmer_slide1.png\" class=\"ls-bg\" alt=\"Slide background\"><\/div><div class=\"ls-layer\"  style=\"slidedirection: right; slidedelay: 4000; durationin: 1500; durationout: 1500; easingin: easeInOutQuint; easingout: easeInOutQuint; delayin: 0; delayout: 0; timeshift: 0; transition2d: 1; \"><img src=\"http:\/\/www.pflegewege.at\/wp\/wp-content\/uploads\/Zimmer_slide2.png\" class=\"ls-bg\" alt=\"Slide background\"><\/div><div class=\"ls-layer\"  style=\"slidedirection: right; slidedelay: 4000; durationin: 1500; durationout: 1500; easingin: easeInOutQuint; easingout: easeInOutQuint; delayin: 0; delayout: 0; timeshift: 0; transition2d: 1; \"><img src=\"http:\/\/www.pflegewege.at\/wp\/wp-content\/uploads\/Zimmer_slide3.png\" class=\"ls-bg\" alt=\"Slide background\"><\/div><div class=\"ls-layer\"  style=\"slidedirection: right; slidedelay: 4000; durationin: 1500; durationout: 1500; easingin: easeInOutQuint; easingout: easeInOutQuint; delayin: 0; delayout: 0; timeshift: 0; transition2d: 17; \"><img src=\"http:\/\/www.pflegewege.at\/wp\/wp-content\/uploads\/kueche_slide.png\" class=\"ls-bg\" alt=\"Slide background\"><\/div><div class=\"ls-layer\"  style=\"slidedirection: right; slidedelay: 4000; durationin: 1500; durationout: 1500; easingin: easeInOutQuint; easingout: easeInOutQuint; delayin: 0; delayout: 0; timeshift: 0; transition2d: 83; \"><img src=\"http:\/\/www.pflegewege.at\/wp\/wp-content\/uploads\/Wohnzimmer_slide1.png\" class=\"ls-bg\" alt=\"Slide background\"><\/div><div class=\"ls-layer\"  style=\"slidedirection: right; slidedelay: 4000; durationin: 1500; durationout: 1500; easingin: easeInOutQuint; easingout: easeInOutQuint; delayin: 0; delayout: 0; timeshift: 0; transition2d: 1; \"><img src=\"http:\/\/www.pflegewege.at\/wp\/wp-content\/uploads\/Wohnzimmer_slide2.png\" class=\"ls-bg\" alt=\"Slide background\"><\/div><\/div>&nbsp;<\/div>\n<div class=\"one_half\">\n<h3>Das Wohnheim<\/h3>\n<p>Sch\u00fcler der GuKPS haben die M\u00f6glichkeit, eines der 55 Doppelzimmer oder 3 Einzelzimmer des Wohnheimes kosteng\u00fcnstig zu bewohnen. Es besteht aus sechs Wohntrakten, welche jeweils mit einer Gemeinschaftsk\u00fcche, einem Aufenthaltsraum und ca. 10 Zimmern ausgestattet sind. Neben den genannten R\u00e4umlichkeiten stehen den Bewohnern eine Gemeinschaftsk\u00fcche und ein Waschraum zur Verf\u00fcgung.<\/p>\n<p><strong>WOHNHEIM<\/strong><br \/>\nder GuKPS Feldkirch<br \/>\nDorfstr. 13a<br \/>\nA-6800&nbsp; Feldkirch<\/p>\n<p>T. 05522 303 &#8211; 5650<br \/>\nF. 05522 303 &#8211; 7513<\/p>\n<p><a href=\"mailto:Ingrid.Weichselbraun@lkhf.at\">Ingrid.Weichselbraun@lkhf.at<\/a><a href=\"http:\/\/redaktion.landeskrankenhaus.net\/www.lkhf.at\/feldkirch\/pflegeschule\"><br \/>\n<\/a><\/p>\n<\/div>\n","protected":false},"excerpt":{"rendered":"","protected":false},"author":3,"featured_media":0,"parent":6292,"menu_order":0,"comment_status":"open","ping_status":"open","template":"","meta":[],"_links":{"self":[{"href":"http:\/\/www.pflegewege.at\/wp\/wp-json\/wp\/v2\/pages\/5939"}],"collection":[{"href":"http:\/\/www.pflegewege.at\/wp\/wp-json\/wp\/v2\/pages"}],"about":[{"href":"http:\/\/www.pflegewege.at\/wp\/wp-json\/wp\/v2\/types\/page"}],"author":[{"embeddable":true,"href":"http:\/\/www.pflegewege.at\/wp\/wp-json\/wp\/v2\/users\/3"}],"replies":[{"embeddable":true,"href":"http:\/\/www.pflegewege.at\/wp\/wp-json\/wp\/v2\/comments?post=5939"}],"version-history":[{"count":19,"href":"http:\/\/www.pflegewege.at\/wp\/wp-json\/wp\/v2\/pages\/5939\/revisions"}],"predecessor-version":[{"id":13633,"href":"http:\/\/www.pflegewege.at\/wp\/wp-json\/wp\/v2\/pages\/5939\/revisions\/13633"}],"up":[{"embeddable":true,"href":"http:\/\/www.pflegewege.at\/wp\/wp-json\/wp\/v2\/pages\/6292"}],"wp:attachment":[{"href":"http:\/\/www.pflegewege.at\/wp\/wp-json\/wp\/v2\/media?parent=5939"}],"curies":[{"name":"wp","href":"https:\/\/api.w.org\/{rel}","templated":true}]}}